{"id":10086,"date":"2023-04-07T17:10:34","date_gmt":"2023-04-07T15:10:34","guid":{"rendered":"https:\/\/www.design2chill.com\/datenschutzerklaerung\/"},"modified":"2025-07-15T16:09:12","modified_gmt":"2025-07-15T14:09:12","slug":"datenschutzerklaerung","status":"publish","type":"page","link":"https:\/\/life-stylefurniture.com\/de\/datenschutzerklaerung\/","title":{"rendered":"Datenschutzerkl\u00e4rung"},"content":{"rendered":"<p><div class=\"fusion-fullwidth fullwidth-box fusion-builder-row-1 fusion-flex-container has-pattern-background has-mask-background hundred-percent-fullwidth non-hundred-percent-height-scrolling\" style=\"--awb-background-position:left top;--awb-border-sizes-top:0px;--awb-border-sizes-bottom:0px;--awb-border-sizes-left:0px;--awb-border-sizes-right:0px;--awb-border-radius-top-left:0px;--awb-border-radius-top-right:0px;--awb-border-radius-bottom-right:0px;--awb-border-radius-bottom-left:0px;--awb-padding-top:0px;--awb-padding-right:10%;--awb-padding-bottom:0px;--awb-padding-left:10%;--awb-margin-top:7%;--awb-flex-wrap:wrap;\" ><div class=\"fusion-builder-row fusion-row fusion-flex-align-items-flex-start fusion-flex-content-wrap\" style=\"width:104% !important;max-width:104% !important;margin-left: calc(-4% \/ 2 );margin-right: calc(-4% \/ 2 );\"><div class=\"fusion-layout-column fusion_builder_column fusion-builder-column-0 fusion_builder_column_1_1 1_1 fusion-flex-column fusion-flex-align-self-flex-start fusion-column-no-min-height\" style=\"--awb-bg-size:cover;--awb-width-large:100%;--awb-margin-top-large:0px;--awb-spacing-right-large:1.92%;--awb-margin-bottom-large:0px;--awb-spacing-left-large:1.92%;--awb-width-medium:100%;--awb-spacing-right-medium:1.92%;--awb-spacing-left-medium:1.92%;--awb-width-small:100%;--awb-spacing-right-small:1.92%;--awb-spacing-left-small:1.92%;\"><div class=\"fusion-column-wrapper fusion-flex-justify-content-flex-start fusion-content-layout-column\"><div class=\"fusion-text fusion-text-1\"><p><strong>LIFE-STYLE FURNITURE IST TEIL VON D2C<\/strong><\/p>\n<\/div><div class=\"fusion-title title fusion-title-1 fusion-sep-none fusion-title-text fusion-title-size-one\" style=\"--awb-margin-top-small:0px;--awb-margin-right-small:0px;--awb-margin-bottom-small:20px;--awb-margin-left-small:0px;\"><h1 class=\"fusion-title-heading title-heading-left fusion-responsive-typography-calculated\" style=\"margin:0;text-transform:capitalize;--fontSize:52;line-height:1;\">Datenschutzerkl\u00e4rung<\/h1><\/div><\/div><\/div><\/div><\/div><div class=\"fusion-fullwidth fullwidth-box fusion-builder-row-2 fusion-flex-container has-pattern-background has-mask-background hundred-percent-fullwidth non-hundred-percent-height-scrolling\" style=\"--awb-background-position:left top;--awb-border-sizes-top:0px;--awb-border-sizes-bottom:0px;--awb-border-sizes-left:0px;--awb-border-sizes-right:0px;--awb-border-radius-top-left:0px;--awb-border-radius-top-right:0px;--awb-border-radius-bottom-right:0px;--awb-border-radius-bottom-left:0px;--awb-padding-top:0px;--awb-padding-right:10%;--awb-padding-bottom:0px;--awb-padding-left:10%;--awb-margin-top:1%;--awb-flex-wrap:wrap;\" ><div class=\"fusion-builder-row fusion-row fusion-flex-align-items-flex-start fusion-flex-content-wrap\" style=\"width:104% !important;max-width:104% !important;margin-left: calc(-4% \/ 2 );margin-right: calc(-4% \/ 2 );\"><div class=\"fusion-layout-column fusion_builder_column fusion-builder-column-1 fusion_builder_column_1_1 1_1 fusion-flex-column fusion-flex-align-self-flex-start fusion-column-no-min-height\" style=\"--awb-bg-size:cover;--awb-width-large:100%;--awb-margin-top-large:0px;--awb-spacing-right-large:1.92%;--awb-margin-bottom-large:0px;--awb-spacing-left-large:1.92%;--awb-width-medium:100%;--awb-spacing-right-medium:1.92%;--awb-spacing-left-medium:1.92%;--awb-width-small:100%;--awb-spacing-right-small:1.92%;--awb-spacing-left-small:1.92%;\"><div class=\"fusion-column-wrapper fusion-flex-justify-content-flex-start fusion-content-layout-column\"><div class=\"fusion-text fusion-text-2\"><p>Design2Chill achtet die Privatsph\u00e4re aller Nutzer Ihrer Webseite und k\u00fcmmert sich darum, dass die pers\u00f6nliche Information, die Sie uns verschaffen, von uns vertraulich behandelt wird. Wir benutzen Ihre Daten, um alle Anfragen so schnell und reibungslos wie m\u00f6glich abzuhandeln. Desweiteren werden wir diese Daten ausschlie\u00dflich mit Ihrer Zustimmung zu benutzen. Design2Chill wird Ihre pers\u00f6nlichen Daten nicht an Dritte verkaufen. Wir werden Ihre Daten ausschlie\u00dflich Dritten zur Verf\u00fcgung stellen, welche an der Ausf\u00fchrung Ihrer Anfrage beteiligt sind.<\/p>\n<\/div><div class=\"fusion-title title fusion-title-2 fusion-sep-none fusion-title-text fusion-title-size-three\" style=\"--awb-margin-top-small:0px;--awb-margin-right-small:0px;--awb-margin-bottom-small:20px;--awb-margin-left-small:0px;--awb-font-size:40px;\"><h3 class=\"fusion-title-heading title-heading-left fusion-responsive-typography-calculated\" style=\"margin:0;text-transform:none;font-size:1em;--fontSize:40;line-height:1;\">Design2Chill benutzt die gesammelten Daten, um seinen Kunden folgende Dienste zu leisten:<\/h3><\/div><div class=\"fusion-text fusion-text-3\"><ol>\n<li>Wenn Sie ein Angebot abgeben oder eine Bestellung aufgeben, brauchen wir &#8211; f\u00fcr die Abwicklung des Angebots oder der Bestellung (und um Sie davon auf dem Laufenden zu halten) Ihren Namen, Ihre E-mailadresse, Ablieferadresse und Ihre Zahlungsdaten.<\/li>\n<li>Mit Ihrer Zustimmung benutzen wir Ihre Daten, um Sie \u00fcber die Entwicklung unserer Webseite sowie \u00fcber spezielle Angebote und Aktionen zu informieren. Wenn Sie das nicht (l\u00e4nger) m\u00f6chten, k\u00f6nnen Sie uns \u00fcber eine E-Mail an:<strong>\u00a0<\/strong><a href=\"mailto:media@design2chill.com\"><strong>media@design2chill.com<\/strong><\/a>.<\/li>\n<li>Wenn Sie auf eine unserer Aktionen oder Preisfragen reagieren, bitten wir Sie um Ihren Namen und Ihre E-Mailadresse. Diese Daten benutzen wir zur Abwicklung der Aktion, zur Bekanntgabe des Gewinners\/der Gewinner und um die Reaktion auf unsere Marketingaktionen zu messen.<\/li>\n<\/ol>\n<\/div><div class=\"fusion-title title fusion-title-3 fusion-sep-none fusion-title-text fusion-title-size-three\" style=\"--awb-margin-top-small:0px;--awb-margin-right-small:0px;--awb-margin-bottom-small:20px;--awb-margin-left-small:0px;--awb-font-size:40px;\"><h3 class=\"fusion-title-heading title-heading-left fusion-responsive-typography-calculated\" style=\"margin:0;text-transform:none;font-size:1em;--fontSize:40;line-height:1;\">Design2Chill verkauft Ihre Daten nicht:<\/h3><\/div><div class=\"fusion-text fusion-text-4\"><p>Design2Chill wird Ihre pers\u00f6nlichen Daten nicht an Dritte verkaufen und wird Ihre Daten ausschlie\u00dflich Dritten zur Verf\u00fcgung stellen, welche an der Ausf\u00fchrung Ihrer Anfrage beteiligt sind. Unsere Arbeitnehmer und die uns unterst\u00fctzenden Dritten sind verpflichtet, die Vertraulichkeit Ihrer Daten zu wahren.<\/p>\n<\/div><div class=\"fusion-title title fusion-title-4 fusion-sep-none fusion-title-text fusion-title-size-three\" style=\"--awb-margin-top-small:0px;--awb-margin-right-small:0px;--awb-margin-bottom-small:20px;--awb-margin-left-small:0px;\"><h3 class=\"fusion-title-heading title-heading-left fusion-responsive-typography-calculated\" style=\"margin:0;text-transform:capitalize;--fontSize:32;line-height:1;\">Cookies:<\/h3><\/div><div class=\"fusion-text fusion-text-5\"><p>Cookies sind kleine Informationsteilchen, welche von Ihrem Browser in Ihrem Rechner gespeichtert werden. Design2Chill benutzt Cookies, um Sie beim n\u00e4chsten Besuch wiederzuerkennen. Cookies erm\u00f6glichen es uns, Information zu unseren Diensten zu sammeln, diese zu verbessern und sie den W\u00fcnschen unserer Besuchern anzupassen. Unsere Cookies geben uns Daten zur Personenidentifikation. Sie k\u00f6nnen Ihren Browser so einstellen, dass Sie bei einem Besuch an der Design2Chill-Webseite keine Cookies empfangen. Sollten Sie Fragen zu unserer Datenschutzerkl\u00e4rung haben, so stellen Sie sich bitte \u00fcber unser Kontaktformular mit uns in Verbindung. Sollte eine \u00c4nderung unserer Datenschutzerkl\u00e4rung notwendig sein, so finden Sie auf dieser Seite immer die aktuellsten Informationen.<\/p>\n<\/div><div class=\"fusion-title title fusion-title-5 fusion-sep-none fusion-title-text fusion-title-size-three\" style=\"--awb-margin-top-small:0px;--awb-margin-right-small:0px;--awb-margin-bottom-small:20px;--awb-margin-left-small:0px;\"><h3 class=\"fusion-title-heading title-heading-left fusion-responsive-typography-calculated\" style=\"margin:0;text-transform:capitalize;--fontSize:32;line-height:1;\">E-Mail:<\/h3><\/div><div class=\"fusion-text fusion-text-6\"><p>\u00dcber E-Mail k\u00f6nnen Sie von Design2Chill folgendes empfangen:<\/p>\n<ul>\n<li>den Design2Chill-Infobrief<\/li>\n<li>kommerzielle Information<\/li>\n<li>Service-Information<\/li>\n<li>unsere Angebote, Antragsbest\u00e4tigungen und Rechnungen.<\/li>\n<li>\u200bkommerzielle Information<\/li>\n<li>unsere Angebote, Antragsbest\u00e4tigungen und Rechnungen.<\/li>\n<\/ul>\n<p>Vom Design2Chill-Infobrief und\/oder von der kommerzieller Information k\u00f6nnen Sie sich \u00fcber\u00a0<a href=\"mailto:media@design2chill.com\"><strong>media@design2chill.com<\/strong><\/a>\u00a0abmelden.<\/p>\n<p>Von der Service-Information k\u00f6nnen sich w\u00e4hrend der Abwicklung unserer Dienstleistung nicht abmelden, da diese Service-Information Angaben zu unserer Dienstleistung oder unsere Rechnungen enth\u00e4lt.<\/p>\n<\/div><div class=\"fusion-title title fusion-title-6 fusion-sep-none fusion-title-text fusion-title-size-three\" style=\"--awb-margin-top-small:0px;--awb-margin-right-small:0px;--awb-margin-bottom-small:20px;--awb-margin-left-small:0px;\"><h3 class=\"fusion-title-heading title-heading-left fusion-responsive-typography-calculated\" style=\"margin:0;text-transform:none;--fontSize:32;line-height:1;\">Verarbeitung pers\u00f6nlicher Daten:<\/h3><\/div><div class=\"fusion-text fusion-text-7\"><p>Sie k\u00f6nnen bei Design2Chill einen Antrag zur Verarbeitung Ihrer pers\u00f6nlichen Daten stellen. Schicken Sie bitte einfach eine E-Mail an:\u00a0<a href=\"mailto:media@design2chill.com\"><strong>media@design2chill.com<\/strong><\/a>, in der Sie uns Ihren Wunsch bez\u00fcglich Ihrer Daten unterbreiten. Sobald wir Ihren Antrag bearbeitet haben, schicken wir Ihnen eine Best\u00e4tigungs-E-Mail.<\/p>\n<\/div><\/div><\/div><\/div><\/div><\/p>\n","protected":false},"excerpt":{"rendered":"","protected":false},"author":30,"featured_media":0,"parent":0,"menu_order":0,"comment_status":"closed","ping_status":"closed","template":"100-width.php","meta":{"_acf_changed":false,"_vp_format_video_url":"","_vp_image_focal_point":[],"footnotes":""},"class_list":["post-10086","page","type-page","status-publish","hentry"],"acf":[],"_links":{"self":[{"href":"https:\/\/life-stylefurniture.com\/de\/wp-json\/wp\/v2\/pages\/10086","targetHints":{"allow":["GET"]}}],"collection":[{"href":"https:\/\/life-stylefurniture.com\/de\/wp-json\/wp\/v2\/pages"}],"about":[{"href":"https:\/\/life-stylefurniture.com\/de\/wp-json\/wp\/v2\/types\/page"}],"author":[{"embeddable":true,"href":"https:\/\/life-stylefurniture.com\/de\/wp-json\/wp\/v2\/users\/30"}],"replies":[{"embeddable":true,"href":"https:\/\/life-stylefurniture.com\/de\/wp-json\/wp\/v2\/comments?post=10086"}],"version-history":[{"count":4,"href":"https:\/\/life-stylefurniture.com\/de\/wp-json\/wp\/v2\/pages\/10086\/revisions"}],"predecessor-version":[{"id":10467,"href":"https:\/\/life-stylefurniture.com\/de\/wp-json\/wp\/v2\/pages\/10086\/revisions\/10467"}],"wp:attachment":[{"href":"https:\/\/life-stylefurniture.com\/de\/wp-json\/wp\/v2\/media?parent=10086"}],"curies":[{"name":"wp","href":"https:\/\/api.w.org\/{rel}","templated":true}]}}