{"id":10129,"date":"2025-02-03T17:02:51","date_gmt":"2025-02-03T16:02:51","guid":{"rendered":"https:\/\/www.design2chill.com\/kollektion\/zubehoer\/"},"modified":"2025-12-22T17:36:35","modified_gmt":"2025-12-22T16:36:35","slug":"zubehoer","status":"publish","type":"page","link":"https:\/\/life-stylefurniture.com\/de\/kollektion\/zubehoer\/","title":{"rendered":"Zubeh\u00f6r"},"content":{"rendered":"<p><div class=\"fusion-fullwidth fullwidth-box fusion-builder-row-1 fusion-flex-container has-pattern-background has-mask-background hundred-percent-fullwidth non-hundred-percent-height-scrolling\" style=\"--awb-background-position:left top;--awb-border-sizes-top:0px;--awb-border-sizes-bottom:0px;--awb-border-sizes-left:0px;--awb-border-sizes-right:0px;--awb-border-radius-top-left:0px;--awb-border-radius-top-right:0px;--awb-border-radius-bottom-right:0px;--awb-border-radius-bottom-left:0px;--awb-padding-top:0px;--awb-padding-right:10%;--awb-padding-bottom:0px;--awb-padding-left:10%;--awb-margin-top:7%;--awb-flex-wrap:wrap;\" ><div class=\"fusion-builder-row fusion-row fusion-flex-align-items-flex-start fusion-flex-content-wrap\" style=\"width:104% !important;max-width:104% !important;margin-left: calc(-4% \/ 2 );margin-right: calc(-4% \/ 2 );\"><div class=\"fusion-layout-column fusion_builder_column fusion-builder-column-0 fusion_builder_column_1_1 1_1 fusion-flex-column fusion-flex-align-self-flex-start fusion-column-no-min-height\" style=\"--awb-bg-size:cover;--awb-width-large:100%;--awb-margin-top-large:0px;--awb-spacing-right-large:1.92%;--awb-margin-bottom-large:0px;--awb-spacing-left-large:1.92%;--awb-width-medium:100%;--awb-spacing-right-medium:1.92%;--awb-spacing-left-medium:1.92%;--awb-width-small:100%;--awb-spacing-right-small:1.92%;--awb-spacing-left-small:1.92%;\"><div class=\"fusion-column-wrapper fusion-flex-justify-content-flex-start fusion-content-layout-column\"><div class=\"fusion-title title fusion-title-1 fusion-sep-none fusion-title-text fusion-title-size-one\" style=\"--awb-margin-top-small:0px;--awb-margin-right-small:0px;--awb-margin-bottom-small:20px;--awb-margin-left-small:0px;\"><h1 class=\"fusion-title-heading title-heading-left fusion-responsive-typography-calculated\" style=\"margin:0;text-transform:capitalize;--fontSize:52;line-height:1;\">Zubeh\u00f6r<\/h1><\/div><div class=\"fusion-text fusion-text-1\"><p>Bei <strong>Design2Chill<\/strong> bieten wir eine breite Palette an <strong>Zubeh\u00f6r\/ Accessoires<\/strong>, die optimal\u00a0 den Stil und Komfort unserer M\u00f6bel erg\u00e4nzen. Diese Accessoires sind konzeptiert,\u00a0 \u00a0um Ihre Au\u00dfenr\u00e4umlichkeiten zu optimalisieren und zu individualisieren, damit Sie von einer stilvollen und funktionalen Umgebung genie\u00dfen k\u00f6nnen.<\/p>\n<p>Unsere <strong>Hocker und Armlehnenservierplatten<\/strong> sind ideale Erg\u00e4nzungen, die nicht nur das \u00c4u\u00dfere Ihrer M\u00f6bel versch\u00f6nern, sondern auch zus\u00e4tzlichen praktischen Platz f\u00fcr Getr\u00e4nke oder Accessoires bieten. Daneben bieten wir eine gro\u00dfe Auswahl an <strong>dekorativen Kissen<\/strong> in unterschiedlichen Formen und Gr\u00f6\u00dfen, in <strong>allen Sunbrellafarben<\/strong> erh\u00e4ltlich, so dass Sie die M\u00f6bel, Ihren pers\u00f6nlichen Stil anpassen k\u00f6nnen.<\/p>\n<p>Wir bieten Ihnen <strong>Schutzh\u00fcllen<\/strong> in <strong>4 Farben<\/strong> an, damit Sie die Lebensdauer Ihrer M\u00f6bel verl\u00e4ngern k\u00f6nnen. Diese H\u00fcllen sch\u00fctzen gegen Wetter und Staub und sorgen au\u00dferdem daf\u00fcr, dass Ihre M\u00f6bel \u00fcber Jahre wie neu aussehen.<\/p>\n<p>Die <strong>Accessoires von Design2Chill<\/strong> sind die perfekte Art und Weise, Ihre M\u00f6bel zu versch\u00f6nern und zus\u00e4tzlichen Komfort hinzuzuf\u00fcgen. Ob Sie nun praktische Servierplatten oder stilvolle Kissen suchen, unser Angebot bietet Ihnen die M\u00f6glichkeit , den Au\u00dfenbereich Ihren W\u00fcnschen entsprechend einzurichten.<\/p>\n<\/div><\/div><\/div><\/div><\/div><div class=\"fusion-fullwidth fullwidth-box fusion-builder-row-2 fusion-flex-container has-pattern-background has-mask-background hundred-percent-fullwidth non-hundred-percent-height-scrolling\" style=\"--awb-background-position:left top;--awb-border-sizes-top:0px;--awb-border-sizes-bottom:0px;--awb-border-sizes-left:0px;--awb-border-sizes-right:0px;--awb-border-radius-top-left:0px;--awb-border-radius-top-right:0px;--awb-border-radius-bottom-right:0px;--awb-border-radius-bottom-left:0px;--awb-padding-top:0px;--awb-padding-right:10%;--awb-padding-bottom:0px;--awb-padding-left:10%;--awb-margin-top:4%;--awb-flex-wrap:wrap;\" ><div class=\"fusion-builder-row fusion-row fusion-flex-align-items-flex-start fusion-flex-content-wrap\" style=\"width:104% !important;max-width:104% !important;margin-left: calc(-4% \/ 2 );margin-right: calc(-4% \/ 2 );\"><div class=\"fusion-layout-column fusion_builder_column fusion-builder-column-1 fusion_builder_column_1_1 1_1 fusion-flex-column fusion-flex-align-self-flex-start fusion-column-no-min-height\" style=\"--awb-bg-size:cover;--awb-width-large:100%;--awb-margin-top-large:0px;--awb-spacing-right-large:1.92%;--awb-margin-bottom-large:0px;--awb-spacing-left-large:1.92%;--awb-width-medium:100%;--awb-spacing-right-medium:1.92%;--awb-spacing-left-medium:1.92%;--awb-width-small:100%;--awb-spacing-right-small:1.92%;--awb-spacing-left-small:1.92%;\"><div class=\"fusion-column-wrapper fusion-flex-justify-content-flex-start fusion-content-layout-column\"><div class=\"fusion-text fusion-text-2\">\n<div class=\"vp-portfolio vp-uid-0b9ba72b vp-id-10132 \"\n\tdata-vp-layout=\"tiles\" data-vp-content-source=\"post-based\" data-vp-items-style=\"fade\" data-vp-items-click-action=\"url\" data-vp-items-gap=\"15\" data-vp-items-gap-vertical=\"\" data-vp-pagination=\"load-more\" data-vp-next-page-url=\"\" data-vp-tiles-type=\"4|1,1|\" >\n\t<div class=\"vp-portfolio__preloader-wrap\">\n\t\t<div class=\"vp-portfolio__preloader\">\n\t\t\t<img class=\"lazyload\" decoding=\"async\" loading=\"eager\" src=\"data:image\/svg+xml,%3Csvg%20xmlns%3D%27http%3A%2F%2Fwww.w3.org%2F2000%2Fsvg%27%20width%3D%2720%27%20height%3D%2720%27%20viewBox%3D%270%200%2020%2020%27%3E%3Crect%20width%3D%2720%27%20height%3D%2720%27%20fill-opacity%3D%220%22%2F%3E%3C%2Fsvg%3E\" data-orig-src=\"https:\/\/life-stylefurniture.com\/wp-content\/plugins\/visual-portfolio\/assets\/images\/logo-dark.svg\" alt=\"Visual Portfolio, Posts &amp; Image Gallery for WordPress\" width=\"20\" height=\"20\" data-skip-lazy>\n\t\t<\/div>\n\t<\/div>\n\t\t<div class=\"vp-portfolio__items-wrap\">\n\t\t\t\n<div class=\"vp-portfolio__items vp-portfolio__items-style-fade vp-portfolio__items-show-overlay-always\">\n\n\t\t<article\t\tclass=\"vp-portfolio__item-wrap post-10061 post type-post status-publish format-standard has-post-thumbnail hentry category-zubehor vp-portfolio__item-uid-8710ca70\" data-vp-filter=\"zubehor\" \t\t>\n\t\t\t\t\t\t\t\t\t<figure class=\"vp-portfolio__item\">\n\t\t\t\t\n<div class=\"vp-portfolio__item-img-wrap\">\n\t<div class=\"vp-portfolio__item-img\">\n\t\t\t<a\n\t\thref=\"https:\/\/life-stylefurniture.com\/de\/zubehor\/zierkissen\/\"\n\t\taria-label=\"Zierkissen\" \t>\n\t\n\t\t<img decoding=\"async\" width=\"1280\" height=\"693\" src=\"https:\/\/life-stylefurniture.com\/wp-content\/uploads\/2025\/10\/sierkussens_overzicht-1280x693.jpg\" class=\"wp-image-12005 lazyload\" alt=\"Life-style Furniture - Sierkussens\" srcset=\"data:image\/svg+xml,%3Csvg%20xmlns%3D%27http%3A%2F%2Fwww.w3.org%2F2000%2Fsvg%27%20width%3D%271920%27%20height%3D%271040%27%20viewBox%3D%270%200%201920%201040%27%3E%3Crect%20width%3D%271920%27%20height%3D%271040%27%20fill-opacity%3D%220%22%2F%3E%3C%2Fsvg%3E\" data-orig-src=\"https:\/\/life-stylefurniture.com\/wp-content\/uploads\/2025\/10\/sierkussens_overzicht-1280x693.jpg\" data-srcset=\"https:\/\/life-stylefurniture.com\/wp-content\/uploads\/2025\/10\/sierkussens_overzicht-200x108.jpg 200w, https:\/\/life-stylefurniture.com\/wp-content\/uploads\/2025\/10\/sierkussens_overzicht-300x163.jpg 300w, https:\/\/life-stylefurniture.com\/wp-content\/uploads\/2025\/10\/sierkussens_overzicht-400x217.jpg 400w, https:\/\/life-stylefurniture.com\/wp-content\/uploads\/2025\/10\/sierkussens_overzicht-500x271.jpg 500w, https:\/\/life-stylefurniture.com\/wp-content\/uploads\/2025\/10\/sierkussens_overzicht-600x325.jpg 600w, https:\/\/life-stylefurniture.com\/wp-content\/uploads\/2025\/10\/sierkussens_overzicht-768x416.jpg 768w, https:\/\/life-stylefurniture.com\/wp-content\/uploads\/2025\/10\/sierkussens_overzicht-800x433.jpg 800w, https:\/\/life-stylefurniture.com\/wp-content\/uploads\/2025\/10\/sierkussens_overzicht-1024x555.jpg 1024w, https:\/\/life-stylefurniture.com\/wp-content\/uploads\/2025\/10\/sierkussens_overzicht-1200x650.jpg 1200w, https:\/\/life-stylefurniture.com\/wp-content\/uploads\/2025\/10\/sierkussens_overzicht-1280x693.jpg 1280w, https:\/\/life-stylefurniture.com\/wp-content\/uploads\/2025\/10\/sierkussens_overzicht-1536x832.jpg 1536w, https:\/\/life-stylefurniture.com\/wp-content\/uploads\/2025\/10\/sierkussens_overzicht.jpg 1920w\" data-sizes=\"auto\" \/>\n\t\t<\/a>\t<\/div>\n<\/div>\n\t<figcaption class=\"vp-portfolio__item-overlay vp-portfolio__item-overlay-text-align-bottom-center\">\n\t\t<div class=\"vp-portfolio__item-meta-wrap vp-portfolio__custom-scrollbar\">\n\t\t\t\t<a\n\t\thref=\"https:\/\/life-stylefurniture.com\/de\/zubehor\/zierkissen\/\"\n\t\ttabindex=\"-1\" class=\"vp-portfolio__item-meta\" aria-label=\"Zierkissen\" \t>\n\t\n<h2 class=\"vp-portfolio__item-meta-title\">\n\tZierkissen<\/h2>\n<\/a>\t\t<\/div>\n\t<\/figcaption>\n\t\t\t<\/figure>\n\t\t\t\t\t<\/article>\n\t\t\n\t\t<article\t\tclass=\"vp-portfolio__item-wrap post-10075 post type-post status-publish format-standard has-post-thumbnail hentry category-zubehor vp-portfolio__item-uid-99663f28\" data-vp-filter=\"zubehor\" \t\t>\n\t\t\t\t\t\t\t\t\t<figure class=\"vp-portfolio__item\">\n\t\t\t\t\n<div class=\"vp-portfolio__item-img-wrap\">\n\t<div class=\"vp-portfolio__item-img\">\n\t\t\t<a\n\t\thref=\"https:\/\/life-stylefurniture.com\/de\/zubehor\/beistelltische-und-servierplatten\/\"\n\t\taria-label=\"Beistelltische\/Servierplatten\" \t>\n\t\n\t\t<img decoding=\"async\" width=\"1280\" height=\"693\" src=\"https:\/\/life-stylefurniture.com\/wp-content\/uploads\/2025\/02\/serveplates_overzicht-1-1280x693.jpg\" class=\"wp-image-12501 lazyload\" alt=\"Design2Chill - Sidetables\" srcset=\"data:image\/svg+xml,%3Csvg%20xmlns%3D%27http%3A%2F%2Fwww.w3.org%2F2000%2Fsvg%27%20width%3D%271920%27%20height%3D%271040%27%20viewBox%3D%270%200%201920%201040%27%3E%3Crect%20width%3D%271920%27%20height%3D%271040%27%20fill-opacity%3D%220%22%2F%3E%3C%2Fsvg%3E\" data-orig-src=\"https:\/\/life-stylefurniture.com\/wp-content\/uploads\/2025\/02\/serveplates_overzicht-1-1280x693.jpg\" data-srcset=\"https:\/\/life-stylefurniture.com\/wp-content\/uploads\/2025\/02\/serveplates_overzicht-1-200x108.jpg 200w, https:\/\/life-stylefurniture.com\/wp-content\/uploads\/2025\/02\/serveplates_overzicht-1-300x163.jpg 300w, https:\/\/life-stylefurniture.com\/wp-content\/uploads\/2025\/02\/serveplates_overzicht-1-400x217.jpg 400w, https:\/\/life-stylefurniture.com\/wp-content\/uploads\/2025\/02\/serveplates_overzicht-1-500x271.jpg 500w, https:\/\/life-stylefurniture.com\/wp-content\/uploads\/2025\/02\/serveplates_overzicht-1-600x325.jpg 600w, https:\/\/life-stylefurniture.com\/wp-content\/uploads\/2025\/02\/serveplates_overzicht-1-768x416.jpg 768w, https:\/\/life-stylefurniture.com\/wp-content\/uploads\/2025\/02\/serveplates_overzicht-1-800x433.jpg 800w, https:\/\/life-stylefurniture.com\/wp-content\/uploads\/2025\/02\/serveplates_overzicht-1-1024x555.jpg 1024w, https:\/\/life-stylefurniture.com\/wp-content\/uploads\/2025\/02\/serveplates_overzicht-1-1200x650.jpg 1200w, https:\/\/life-stylefurniture.com\/wp-content\/uploads\/2025\/02\/serveplates_overzicht-1-1280x693.jpg 1280w, https:\/\/life-stylefurniture.com\/wp-content\/uploads\/2025\/02\/serveplates_overzicht-1-1536x832.jpg 1536w, https:\/\/life-stylefurniture.com\/wp-content\/uploads\/2025\/02\/serveplates_overzicht-1.jpg 1920w\" data-sizes=\"auto\" \/>\n\t\t<\/a>\t<\/div>\n<\/div>\n\t<figcaption class=\"vp-portfolio__item-overlay vp-portfolio__item-overlay-text-align-bottom-center\">\n\t\t<div class=\"vp-portfolio__item-meta-wrap vp-portfolio__custom-scrollbar\">\n\t\t\t\t<a\n\t\thref=\"https:\/\/life-stylefurniture.com\/de\/zubehor\/beistelltische-und-servierplatten\/\"\n\t\ttabindex=\"-1\" class=\"vp-portfolio__item-meta\" aria-label=\"Beistelltische\/Servierplatten\" \t>\n\t\n<h2 class=\"vp-portfolio__item-meta-title\">\n\tBeistelltische\/Servierplatten<\/h2>\n<\/a>\t\t<\/div>\n\t<\/figcaption>\n\t\t\t<\/figure>\n\t\t\t\t\t<\/article>\n\t\t\n\t\t<article\t\tclass=\"vp-portfolio__item-wrap post-10057 post type-post status-publish format-standard has-post-thumbnail hentry category-zubehor vp-portfolio__item-uid-455e3c86\" data-vp-filter=\"zubehor\" \t\t>\n\t\t\t\t\t\t\t\t\t<figure class=\"vp-portfolio__item\">\n\t\t\t\t\n<div class=\"vp-portfolio__item-img-wrap\">\n\t<div class=\"vp-portfolio__item-img\">\n\t\t\t<a\n\t\thref=\"https:\/\/life-stylefurniture.com\/de\/zubehor\/schutzhullen\/\"\n\t\taria-label=\"Schutzh\u00fcllen\" \t>\n\t\n\t\t<img decoding=\"async\" width=\"1280\" height=\"693\" src=\"https:\/\/life-stylefurniture.com\/wp-content\/uploads\/2025\/02\/beschermhoes_overzicht-1-1280x693.jpg\" class=\"wp-image-12499 lazyload\" alt=\"Design 2 Chill - Protective Covers\" srcset=\"data:image\/svg+xml,%3Csvg%20xmlns%3D%27http%3A%2F%2Fwww.w3.org%2F2000%2Fsvg%27%20width%3D%271920%27%20height%3D%271040%27%20viewBox%3D%270%200%201920%201040%27%3E%3Crect%20width%3D%271920%27%20height%3D%271040%27%20fill-opacity%3D%220%22%2F%3E%3C%2Fsvg%3E\" data-orig-src=\"https:\/\/life-stylefurniture.com\/wp-content\/uploads\/2025\/02\/beschermhoes_overzicht-1-1280x693.jpg\" data-srcset=\"https:\/\/life-stylefurniture.com\/wp-content\/uploads\/2025\/02\/beschermhoes_overzicht-1-200x108.jpg 200w, https:\/\/life-stylefurniture.com\/wp-content\/uploads\/2025\/02\/beschermhoes_overzicht-1-300x163.jpg 300w, https:\/\/life-stylefurniture.com\/wp-content\/uploads\/2025\/02\/beschermhoes_overzicht-1-400x217.jpg 400w, https:\/\/life-stylefurniture.com\/wp-content\/uploads\/2025\/02\/beschermhoes_overzicht-1-500x271.jpg 500w, https:\/\/life-stylefurniture.com\/wp-content\/uploads\/2025\/02\/beschermhoes_overzicht-1-600x325.jpg 600w, https:\/\/life-stylefurniture.com\/wp-content\/uploads\/2025\/02\/beschermhoes_overzicht-1-768x416.jpg 768w, https:\/\/life-stylefurniture.com\/wp-content\/uploads\/2025\/02\/beschermhoes_overzicht-1-800x433.jpg 800w, https:\/\/life-stylefurniture.com\/wp-content\/uploads\/2025\/02\/beschermhoes_overzicht-1-1024x555.jpg 1024w, https:\/\/life-stylefurniture.com\/wp-content\/uploads\/2025\/02\/beschermhoes_overzicht-1-1200x650.jpg 1200w, https:\/\/life-stylefurniture.com\/wp-content\/uploads\/2025\/02\/beschermhoes_overzicht-1-1280x693.jpg 1280w, https:\/\/life-stylefurniture.com\/wp-content\/uploads\/2025\/02\/beschermhoes_overzicht-1-1536x832.jpg 1536w, https:\/\/life-stylefurniture.com\/wp-content\/uploads\/2025\/02\/beschermhoes_overzicht-1.jpg 1920w\" data-sizes=\"auto\" \/>\n\t\t<\/a>\t<\/div>\n<\/div>\n\t<figcaption class=\"vp-portfolio__item-overlay vp-portfolio__item-overlay-text-align-bottom-center\">\n\t\t<div class=\"vp-portfolio__item-meta-wrap vp-portfolio__custom-scrollbar\">\n\t\t\t\t<a\n\t\thref=\"https:\/\/life-stylefurniture.com\/de\/zubehor\/schutzhullen\/\"\n\t\ttabindex=\"-1\" class=\"vp-portfolio__item-meta\" aria-label=\"Schutzh\u00fcllen\" \t>\n\t\n<h2 class=\"vp-portfolio__item-meta-title\">\n\tSchutzh\u00fcllen<\/h2>\n<\/a>\t\t<\/div>\n\t<\/figcaption>\n\t\t\t<\/figure>\n\t\t\t\t\t<\/article>\n\t\t\n\t\t<article\t\tclass=\"vp-portfolio__item-wrap post-12437 post type-post status-publish format-standard has-post-thumbnail hentry category-zubehor vp-portfolio__item-uid-be04fb57\" data-vp-filter=\"zubehor\" \t\t>\n\t\t\t\t\t\t\t\t\t<figure class=\"vp-portfolio__item\">\n\t\t\t\t\n<div class=\"vp-portfolio__item-img-wrap\">\n\t<div class=\"vp-portfolio__item-img\">\n\t\t\t<a\n\t\thref=\"https:\/\/life-stylefurniture.com\/de\/zubehor\/wartungsprodukte\/\"\n\t\taria-label=\"Wartungsprodukte\" \t>\n\t\n\t\t<img decoding=\"async\" width=\"1280\" height=\"693\" src=\"https:\/\/life-stylefurniture.com\/wp-content\/uploads\/2025\/10\/onderhoudsmiddelen_overzicht-1280x693.jpg\" class=\"wp-image-12438 lazyload\" alt=\"Life-style Furniture - Onderhoudsmiddelen\" srcset=\"data:image\/svg+xml,%3Csvg%20xmlns%3D%27http%3A%2F%2Fwww.w3.org%2F2000%2Fsvg%27%20width%3D%271920%27%20height%3D%271040%27%20viewBox%3D%270%200%201920%201040%27%3E%3Crect%20width%3D%271920%27%20height%3D%271040%27%20fill-opacity%3D%220%22%2F%3E%3C%2Fsvg%3E\" data-orig-src=\"https:\/\/life-stylefurniture.com\/wp-content\/uploads\/2025\/10\/onderhoudsmiddelen_overzicht-1280x693.jpg\" data-srcset=\"https:\/\/life-stylefurniture.com\/wp-content\/uploads\/2025\/10\/onderhoudsmiddelen_overzicht-200x108.jpg 200w, https:\/\/life-stylefurniture.com\/wp-content\/uploads\/2025\/10\/onderhoudsmiddelen_overzicht-300x163.jpg 300w, https:\/\/life-stylefurniture.com\/wp-content\/uploads\/2025\/10\/onderhoudsmiddelen_overzicht-400x217.jpg 400w, https:\/\/life-stylefurniture.com\/wp-content\/uploads\/2025\/10\/onderhoudsmiddelen_overzicht-500x271.jpg 500w, https:\/\/life-stylefurniture.com\/wp-content\/uploads\/2025\/10\/onderhoudsmiddelen_overzicht-600x325.jpg 600w, https:\/\/life-stylefurniture.com\/wp-content\/uploads\/2025\/10\/onderhoudsmiddelen_overzicht-768x416.jpg 768w, https:\/\/life-stylefurniture.com\/wp-content\/uploads\/2025\/10\/onderhoudsmiddelen_overzicht-800x433.jpg 800w, https:\/\/life-stylefurniture.com\/wp-content\/uploads\/2025\/10\/onderhoudsmiddelen_overzicht-1024x555.jpg 1024w, https:\/\/life-stylefurniture.com\/wp-content\/uploads\/2025\/10\/onderhoudsmiddelen_overzicht-1200x650.jpg 1200w, https:\/\/life-stylefurniture.com\/wp-content\/uploads\/2025\/10\/onderhoudsmiddelen_overzicht-1280x693.jpg 1280w, https:\/\/life-stylefurniture.com\/wp-content\/uploads\/2025\/10\/onderhoudsmiddelen_overzicht-1536x832.jpg 1536w, https:\/\/life-stylefurniture.com\/wp-content\/uploads\/2025\/10\/onderhoudsmiddelen_overzicht.jpg 1920w\" data-sizes=\"auto\" \/>\n\t\t<\/a>\t<\/div>\n<\/div>\n\t<figcaption class=\"vp-portfolio__item-overlay vp-portfolio__item-overlay-text-align-bottom-center\">\n\t\t<div class=\"vp-portfolio__item-meta-wrap vp-portfolio__custom-scrollbar\">\n\t\t\t\t<a\n\t\thref=\"https:\/\/life-stylefurniture.com\/de\/zubehor\/wartungsprodukte\/\"\n\t\ttabindex=\"-1\" class=\"vp-portfolio__item-meta\" aria-label=\"Wartungsprodukte\" \t>\n\t\n<h2 class=\"vp-portfolio__item-meta-title\">\n\tWartungsprodukte<\/h2>\n<\/a>\t\t<\/div>\n\t<\/figcaption>\n\t\t\t<\/figure>\n\t\t\t\t\t<\/article>\n\t\t\n<\/div>\n\t\t<\/div>\n\t\t\t\t<div class=\"vp-portfolio__layout-elements vp-portfolio__layout-elements-bottom vp-portfolio__layout-elements-align-center\">\n\t\t\t\t<div class=\"vp-portfolio__pagination-wrap\">\n\t\t\t\t<\/div>\n\t\t\t\t<\/div>\n\t\t\n<\/div>\n\n<\/div><\/div><\/div><\/div><\/div><\/p>\n","protected":false},"excerpt":{"rendered":"","protected":false},"author":30,"featured_media":0,"parent":10126,"menu_order":0,"comment_status":"closed","ping_status":"closed","template":"100-width.php","meta":{"_acf_changed":false,"_vp_format_video_url":"","_vp_image_focal_point":[],"footnotes":""},"class_list":["post-10129","page","type-page","status-publish","hentry"],"acf":[],"_links":{"self":[{"href":"https:\/\/life-stylefurniture.com\/de\/wp-json\/wp\/v2\/pages\/10129","targetHints":{"allow":["GET"]}}],"collection":[{"href":"https:\/\/life-stylefurniture.com\/de\/wp-json\/wp\/v2\/pages"}],"about":[{"href":"https:\/\/life-stylefurniture.com\/de\/wp-json\/wp\/v2\/types\/page"}],"author":[{"embeddable":true,"href":"https:\/\/life-stylefurniture.com\/de\/wp-json\/wp\/v2\/users\/30"}],"replies":[{"embeddable":true,"href":"https:\/\/life-stylefurniture.com\/de\/wp-json\/wp\/v2\/comments?post=10129"}],"version-history":[{"count":4,"href":"https:\/\/life-stylefurniture.com\/de\/wp-json\/wp\/v2\/pages\/10129\/revisions"}],"predecessor-version":[{"id":12502,"href":"https:\/\/life-stylefurniture.com\/de\/wp-json\/wp\/v2\/pages\/10129\/revisions\/12502"}],"up":[{"embeddable":true,"href":"https:\/\/life-stylefurniture.com\/de\/wp-json\/wp\/v2\/pages\/10126"}],"wp:attachment":[{"href":"https:\/\/life-stylefurniture.com\/de\/wp-json\/wp\/v2\/media?parent=10129"}],"curies":[{"name":"wp","href":"https:\/\/api.w.org\/{rel}","templated":true}]}}