{"id":10135,"date":"2025-01-30T21:13:53","date_gmt":"2025-01-30T20:13:53","guid":{"rendered":"https:\/\/www.design2chill.com\/kollektion\/dinner\/"},"modified":"2025-12-23T11:27:15","modified_gmt":"2025-12-23T10:27:15","slug":"dinner","status":"publish","type":"page","link":"https:\/\/life-stylefurniture.com\/de\/kollektion\/dinner\/","title":{"rendered":"Dinner"},"content":{"rendered":"<p><div class=\"fusion-fullwidth fullwidth-box fusion-builder-row-1 fusion-flex-container has-pattern-background has-mask-background hundred-percent-fullwidth non-hundred-percent-height-scrolling\" style=\"--awb-background-position:left top;--awb-border-sizes-top:0px;--awb-border-sizes-bottom:0px;--awb-border-sizes-left:0px;--awb-border-sizes-right:0px;--awb-border-radius-top-left:0px;--awb-border-radius-top-right:0px;--awb-border-radius-bottom-right:0px;--awb-border-radius-bottom-left:0px;--awb-padding-top:0px;--awb-padding-right:10%;--awb-padding-bottom:0px;--awb-padding-left:10%;--awb-margin-top:7%;--awb-flex-wrap:wrap;\" ><div class=\"fusion-builder-row fusion-row fusion-flex-align-items-flex-start fusion-flex-content-wrap\" style=\"width:104% !important;max-width:104% !important;margin-left: calc(-4% \/ 2 );margin-right: calc(-4% \/ 2 );\"><div class=\"fusion-layout-column fusion_builder_column fusion-builder-column-0 fusion_builder_column_1_1 1_1 fusion-flex-column fusion-flex-align-self-flex-start fusion-column-no-min-height\" style=\"--awb-bg-size:cover;--awb-width-large:100%;--awb-margin-top-large:0px;--awb-spacing-right-large:1.92%;--awb-margin-bottom-large:0px;--awb-spacing-left-large:1.92%;--awb-width-medium:100%;--awb-spacing-right-medium:1.92%;--awb-spacing-left-medium:1.92%;--awb-width-small:100%;--awb-spacing-right-small:1.92%;--awb-spacing-left-small:1.92%;\"><div class=\"fusion-column-wrapper fusion-flex-justify-content-flex-start fusion-content-layout-column\"><div class=\"fusion-title title fusion-title-1 fusion-sep-none fusion-title-text fusion-title-size-one\" style=\"--awb-margin-top-small:0px;--awb-margin-right-small:0px;--awb-margin-bottom-small:20px;--awb-margin-left-small:0px;\"><h1 class=\"fusion-title-heading title-heading-left fusion-responsive-typography-calculated\" style=\"margin:0;text-transform:capitalize;--fontSize:52;line-height:1;\">Dinner<\/h1><\/div><div class=\"fusion-text fusion-text-1\"><p>Alle unsere Keramik-, Dekor-, Lounge- und \u00e4sthetischen Designs sind in Ihrer Wunschform und -gr\u00f6\u00dfe sowie in \u00fcber 120 trendigen Beton-, Marmor- und Hohlk\u00f6rperoberfl\u00e4chen erh\u00e4ltlich. Wir bieten Ihnen den Sockel mit verschiedenen RAL-Farbpulverbeschichtungen an. Optional k\u00f6nnen Sie einen Keramik-Loungeblock oder einen quadratischen oder geraden Holzkamm und\/oder einen integrierten Wassererhitzer erhalten.<\/p>\n<p>Kein Wartungsaufwand mehr, aber die Optik und Haptik von echtem Teakholz. Erh\u00e4ltlich in 8 Farben.<\/p>\n<p>Mit demselben Material genie\u00dfen Sie Lounge-, Ess- und Essbereiche in Ihrer Wunschgr\u00f6\u00dfe und -form mit verschiedenen Gestaltungsm\u00f6glichkeiten. Wir bieten Ihnen den Sockel mit verschiedenen RAL-Farbpulverbeschichtungen an. Finden Sie Ihren Stil mit dem passenden Stuhl oder Barhocker, der perfekt zu Ihnen passt.<\/p>\n<\/div><\/div><\/div><\/div><\/div><div class=\"fusion-fullwidth fullwidth-box fusion-builder-row-2 fusion-flex-container has-pattern-background has-mask-background hundred-percent-fullwidth non-hundred-percent-height-scrolling\" style=\"--awb-background-position:left top;--awb-border-sizes-top:0px;--awb-border-sizes-bottom:0px;--awb-border-sizes-left:0px;--awb-border-sizes-right:0px;--awb-border-radius-top-left:0px;--awb-border-radius-top-right:0px;--awb-border-radius-bottom-right:0px;--awb-border-radius-bottom-left:0px;--awb-padding-top:0px;--awb-padding-right:10%;--awb-padding-bottom:0px;--awb-padding-left:10%;--awb-margin-top:4%;--awb-flex-wrap:wrap;\" ><div class=\"fusion-builder-row fusion-row fusion-flex-align-items-flex-start fusion-flex-content-wrap\" style=\"width:104% !important;max-width:104% !important;margin-left: calc(-4% \/ 2 );margin-right: calc(-4% \/ 2 );\"><div class=\"fusion-layout-column fusion_builder_column fusion-builder-column-1 fusion_builder_column_1_1 1_1 fusion-flex-column fusion-flex-align-self-flex-start fusion-column-no-min-height\" style=\"--awb-bg-size:cover;--awb-width-large:100%;--awb-margin-top-large:0px;--awb-spacing-right-large:1.92%;--awb-margin-bottom-large:0px;--awb-spacing-left-large:1.92%;--awb-width-medium:100%;--awb-spacing-right-medium:1.92%;--awb-spacing-left-medium:1.92%;--awb-width-small:100%;--awb-spacing-right-small:1.92%;--awb-spacing-left-small:1.92%;\"><div class=\"fusion-column-wrapper fusion-flex-justify-content-flex-start fusion-content-layout-column\"><div class=\"fusion-text fusion-text-2\">\n<div class=\"vp-portfolio vp-uid-9c497ea3 vp-id-10139 \"\n\tdata-vp-layout=\"tiles\" data-vp-content-source=\"post-based\" data-vp-items-style=\"fade\" data-vp-items-click-action=\"url\" data-vp-items-gap=\"15\" data-vp-items-gap-vertical=\"\" data-vp-pagination=\"load-more\" data-vp-next-page-url=\"\" data-vp-tiles-type=\"3|1,0.8|\" >\n\t<div class=\"vp-portfolio__preloader-wrap\">\n\t\t<div class=\"vp-portfolio__preloader\">\n\t\t\t<img class=\"lazyload\" decoding=\"async\" loading=\"eager\" src=\"data:image\/svg+xml,%3Csvg%20xmlns%3D%27http%3A%2F%2Fwww.w3.org%2F2000%2Fsvg%27%20width%3D%2720%27%20height%3D%2720%27%20viewBox%3D%270%200%2020%2020%27%3E%3Crect%20width%3D%2720%27%20height%3D%2720%27%20fill-opacity%3D%220%22%2F%3E%3C%2Fsvg%3E\" data-orig-src=\"https:\/\/life-stylefurniture.com\/wp-content\/plugins\/visual-portfolio\/assets\/images\/logo-dark.svg\" alt=\"Visual Portfolio, Posts &amp; Image Gallery for WordPress\" width=\"20\" height=\"20\" data-skip-lazy>\n\t\t<\/div>\n\t<\/div>\n\t\t<div class=\"vp-portfolio__items-wrap\">\n\t\t\t\n<div class=\"vp-portfolio__items vp-portfolio__items-style-fade vp-portfolio__items-show-overlay-always\">\n\n\t\t<article\t\tclass=\"vp-portfolio__item-wrap post-10209 post type-post status-publish format-standard has-post-thumbnail hentry category-dinner category-lounge vp-portfolio__item-uid-dc1531aa\" data-vp-filter=\"dinner,lounge\" \t\t>\n\t\t\t\t\t\t\t\t\t<figure class=\"vp-portfolio__item\">\n\t\t\t\t\n<div class=\"vp-portfolio__item-img-wrap\">\n\t<div class=\"vp-portfolio__item-img\">\n\t\t\t<a\n\t\thref=\"https:\/\/life-stylefurniture.com\/de\/dinner\/colombo\/\"\n\t\taria-label=\"Colombo\" \t>\n\t\n\t\t<img decoding=\"async\" width=\"1920\" height=\"1040\" src=\"https:\/\/life-stylefurniture.com\/wp-content\/uploads\/2025\/09\/colombo_overzicht.jpg\" class=\"wp-image-11474 lazyload\" alt=\"Life-style Furniture - Colombo 2025\" srcset=\"data:image\/svg+xml,%3Csvg%20xmlns%3D%27http%3A%2F%2Fwww.w3.org%2F2000%2Fsvg%27%20width%3D%271920%27%20height%3D%271040%27%20viewBox%3D%270%200%201920%201040%27%3E%3Crect%20width%3D%271920%27%20height%3D%271040%27%20fill-opacity%3D%220%22%2F%3E%3C%2Fsvg%3E\" data-orig-src=\"https:\/\/life-stylefurniture.com\/wp-content\/uploads\/2025\/09\/colombo_overzicht.jpg\" data-srcset=\"https:\/\/life-stylefurniture.com\/wp-content\/uploads\/2025\/09\/colombo_overzicht-200x108.jpg 200w, https:\/\/life-stylefurniture.com\/wp-content\/uploads\/2025\/09\/colombo_overzicht-300x163.jpg 300w, https:\/\/life-stylefurniture.com\/wp-content\/uploads\/2025\/09\/colombo_overzicht-400x217.jpg 400w, https:\/\/life-stylefurniture.com\/wp-content\/uploads\/2025\/09\/colombo_overzicht-500x271.jpg 500w, https:\/\/life-stylefurniture.com\/wp-content\/uploads\/2025\/09\/colombo_overzicht-600x325.jpg 600w, https:\/\/life-stylefurniture.com\/wp-content\/uploads\/2025\/09\/colombo_overzicht-768x416.jpg 768w, https:\/\/life-stylefurniture.com\/wp-content\/uploads\/2025\/09\/colombo_overzicht-800x433.jpg 800w, https:\/\/life-stylefurniture.com\/wp-content\/uploads\/2025\/09\/colombo_overzicht-1024x555.jpg 1024w, https:\/\/life-stylefurniture.com\/wp-content\/uploads\/2025\/09\/colombo_overzicht-1200x650.jpg 1200w, https:\/\/life-stylefurniture.com\/wp-content\/uploads\/2025\/09\/colombo_overzicht-1280x693.jpg 1280w, https:\/\/life-stylefurniture.com\/wp-content\/uploads\/2025\/09\/colombo_overzicht-1536x832.jpg 1536w, https:\/\/life-stylefurniture.com\/wp-content\/uploads\/2025\/09\/colombo_overzicht.jpg 1920w\" data-sizes=\"auto\" \/>\n\t\t<\/a>\t<\/div>\n<\/div>\n\t<figcaption class=\"vp-portfolio__item-overlay vp-portfolio__item-overlay-text-align-bottom-center\">\n\t\t<div class=\"vp-portfolio__item-meta-wrap vp-portfolio__custom-scrollbar\">\n\t\t\t\t<a\n\t\thref=\"https:\/\/life-stylefurniture.com\/de\/dinner\/colombo\/\"\n\t\ttabindex=\"-1\" class=\"vp-portfolio__item-meta\" aria-label=\"Colombo\" \t>\n\t\n<h2 class=\"vp-portfolio__item-meta-title\">\n\tColombo<\/h2>\n<\/a>\t\t<\/div>\n\t<\/figcaption>\n\t\t\t<\/figure>\n\t\t\t\t\t<\/article>\n\t\t\n\t\t<article\t\tclass=\"vp-portfolio__item-wrap post-10120 post type-post status-publish format-standard has-post-thumbnail hentry category-dinner category-lounge vp-portfolio__item-uid-95b955d5\" data-vp-filter=\"dinner,lounge\" \t\t>\n\t\t\t\t\t\t\t\t\t<figure class=\"vp-portfolio__item\">\n\t\t\t\t\n<div class=\"vp-portfolio__item-img-wrap\">\n\t<div class=\"vp-portfolio__item-img\">\n\t\t\t<a\n\t\thref=\"https:\/\/life-stylefurniture.com\/de\/dinner\/allure\/\"\n\t\taria-label=\"Allure\" \t>\n\t\n\t\t<img decoding=\"async\" width=\"1920\" height=\"1040\" src=\"https:\/\/life-stylefurniture.com\/wp-content\/uploads\/2025\/12\/allure_overzicht.jpg\" class=\"wp-image-12626 lazyload\" alt=\"\" srcset=\"data:image\/svg+xml,%3Csvg%20xmlns%3D%27http%3A%2F%2Fwww.w3.org%2F2000%2Fsvg%27%20width%3D%271920%27%20height%3D%271040%27%20viewBox%3D%270%200%201920%201040%27%3E%3Crect%20width%3D%271920%27%20height%3D%271040%27%20fill-opacity%3D%220%22%2F%3E%3C%2Fsvg%3E\" data-orig-src=\"https:\/\/life-stylefurniture.com\/wp-content\/uploads\/2025\/12\/allure_overzicht.jpg\" data-srcset=\"https:\/\/life-stylefurniture.com\/wp-content\/uploads\/2025\/12\/allure_overzicht-200x108.jpg 200w, https:\/\/life-stylefurniture.com\/wp-content\/uploads\/2025\/12\/allure_overzicht-300x163.jpg 300w, https:\/\/life-stylefurniture.com\/wp-content\/uploads\/2025\/12\/allure_overzicht-400x217.jpg 400w, https:\/\/life-stylefurniture.com\/wp-content\/uploads\/2025\/12\/allure_overzicht-500x271.jpg 500w, https:\/\/life-stylefurniture.com\/wp-content\/uploads\/2025\/12\/allure_overzicht-600x325.jpg 600w, https:\/\/life-stylefurniture.com\/wp-content\/uploads\/2025\/12\/allure_overzicht-768x416.jpg 768w, https:\/\/life-stylefurniture.com\/wp-content\/uploads\/2025\/12\/allure_overzicht-800x433.jpg 800w, https:\/\/life-stylefurniture.com\/wp-content\/uploads\/2025\/12\/allure_overzicht-1024x555.jpg 1024w, https:\/\/life-stylefurniture.com\/wp-content\/uploads\/2025\/12\/allure_overzicht-1200x650.jpg 1200w, https:\/\/life-stylefurniture.com\/wp-content\/uploads\/2025\/12\/allure_overzicht-1280x693.jpg 1280w, https:\/\/life-stylefurniture.com\/wp-content\/uploads\/2025\/12\/allure_overzicht-1536x832.jpg 1536w, https:\/\/life-stylefurniture.com\/wp-content\/uploads\/2025\/12\/allure_overzicht.jpg 1920w\" data-sizes=\"auto\" \/>\n\t\t<\/a>\t<\/div>\n<\/div>\n\t<figcaption class=\"vp-portfolio__item-overlay vp-portfolio__item-overlay-text-align-bottom-center\">\n\t\t<div class=\"vp-portfolio__item-meta-wrap vp-portfolio__custom-scrollbar\">\n\t\t\t\t<a\n\t\thref=\"https:\/\/life-stylefurniture.com\/de\/dinner\/allure\/\"\n\t\ttabindex=\"-1\" class=\"vp-portfolio__item-meta\" aria-label=\"Allure\" \t>\n\t\n<h2 class=\"vp-portfolio__item-meta-title\">\n\tAllure<\/h2>\n<\/a>\t\t<\/div>\n\t<\/figcaption>\n\t\t\t<\/figure>\n\t\t\t\t\t<\/article>\n\t\t\n\t\t<article\t\tclass=\"vp-portfolio__item-wrap post-10184 post type-post status-publish format-standard has-post-thumbnail hentry category-dinner vp-portfolio__item-uid-683b7946\" data-vp-filter=\"dinner\" \t\t>\n\t\t\t\t\t\t\t\t\t<figure class=\"vp-portfolio__item\">\n\t\t\t\t\n<div class=\"vp-portfolio__item-img-wrap\">\n\t<div class=\"vp-portfolio__item-img\">\n\t\t\t<a\n\t\thref=\"https:\/\/life-stylefurniture.com\/de\/dinner\/the-bench\/\"\n\t\taria-label=\"The Bench\" \t>\n\t\n\t\t<img decoding=\"async\" width=\"1920\" height=\"1040\" src=\"https:\/\/life-stylefurniture.com\/wp-content\/uploads\/2025\/02\/the_bench_overzicht_2025.jpg\" class=\"wp-image-11670 lazyload\" alt=\"Life-style Furniture - The Bench\" srcset=\"data:image\/svg+xml,%3Csvg%20xmlns%3D%27http%3A%2F%2Fwww.w3.org%2F2000%2Fsvg%27%20width%3D%271920%27%20height%3D%271040%27%20viewBox%3D%270%200%201920%201040%27%3E%3Crect%20width%3D%271920%27%20height%3D%271040%27%20fill-opacity%3D%220%22%2F%3E%3C%2Fsvg%3E\" data-orig-src=\"https:\/\/life-stylefurniture.com\/wp-content\/uploads\/2025\/02\/the_bench_overzicht_2025.jpg\" data-srcset=\"https:\/\/life-stylefurniture.com\/wp-content\/uploads\/2025\/02\/the_bench_overzicht_2025-200x108.jpg 200w, https:\/\/life-stylefurniture.com\/wp-content\/uploads\/2025\/02\/the_bench_overzicht_2025-300x163.jpg 300w, https:\/\/life-stylefurniture.com\/wp-content\/uploads\/2025\/02\/the_bench_overzicht_2025-400x217.jpg 400w, https:\/\/life-stylefurniture.com\/wp-content\/uploads\/2025\/02\/the_bench_overzicht_2025-500x271.jpg 500w, https:\/\/life-stylefurniture.com\/wp-content\/uploads\/2025\/02\/the_bench_overzicht_2025-600x325.jpg 600w, https:\/\/life-stylefurniture.com\/wp-content\/uploads\/2025\/02\/the_bench_overzicht_2025-768x416.jpg 768w, https:\/\/life-stylefurniture.com\/wp-content\/uploads\/2025\/02\/the_bench_overzicht_2025-800x433.jpg 800w, https:\/\/life-stylefurniture.com\/wp-content\/uploads\/2025\/02\/the_bench_overzicht_2025-1024x555.jpg 1024w, https:\/\/life-stylefurniture.com\/wp-content\/uploads\/2025\/02\/the_bench_overzicht_2025-1200x650.jpg 1200w, https:\/\/life-stylefurniture.com\/wp-content\/uploads\/2025\/02\/the_bench_overzicht_2025-1280x693.jpg 1280w, https:\/\/life-stylefurniture.com\/wp-content\/uploads\/2025\/02\/the_bench_overzicht_2025-1536x832.jpg 1536w, https:\/\/life-stylefurniture.com\/wp-content\/uploads\/2025\/02\/the_bench_overzicht_2025.jpg 1920w\" data-sizes=\"auto\" \/>\n\t\t<\/a>\t<\/div>\n<\/div>\n\t<figcaption class=\"vp-portfolio__item-overlay vp-portfolio__item-overlay-text-align-bottom-center\">\n\t\t<div class=\"vp-portfolio__item-meta-wrap vp-portfolio__custom-scrollbar\">\n\t\t\t\t<a\n\t\thref=\"https:\/\/life-stylefurniture.com\/de\/dinner\/the-bench\/\"\n\t\ttabindex=\"-1\" class=\"vp-portfolio__item-meta\" aria-label=\"The Bench\" \t>\n\t\n<h2 class=\"vp-portfolio__item-meta-title\">\n\tThe Bench<\/h2>\n<\/a>\t\t<\/div>\n\t<\/figcaption>\n\t\t\t<\/figure>\n\t\t\t\t\t<\/article>\n\t\t\n<\/div>\n\t\t<\/div>\n\t\t\t\t<div class=\"vp-portfolio__layout-elements vp-portfolio__layout-elements-bottom vp-portfolio__layout-elements-align-center\">\n\t\t\t\t<div class=\"vp-portfolio__pagination-wrap\">\n\t\t\t\t<\/div>\n\t\t\t\t<\/div>\n\t\t\n<\/div>\n\n<\/div><\/div><\/div><\/div><\/div><\/p>\n","protected":false},"excerpt":{"rendered":"","protected":false},"author":30,"featured_media":0,"parent":10126,"menu_order":0,"comment_status":"closed","ping_status":"closed","template":"100-width.php","meta":{"_acf_changed":false,"_vp_format_video_url":"","_vp_image_focal_point":[],"footnotes":""},"class_list":["post-10135","page","type-page","status-publish","hentry"],"acf":[],"_links":{"self":[{"href":"https:\/\/life-stylefurniture.com\/de\/wp-json\/wp\/v2\/pages\/10135","targetHints":{"allow":["GET"]}}],"collection":[{"href":"https:\/\/life-stylefurniture.com\/de\/wp-json\/wp\/v2\/pages"}],"about":[{"href":"https:\/\/life-stylefurniture.com\/de\/wp-json\/wp\/v2\/types\/page"}],"author":[{"embeddable":true,"href":"https:\/\/life-stylefurniture.com\/de\/wp-json\/wp\/v2\/users\/30"}],"replies":[{"embeddable":true,"href":"https:\/\/life-stylefurniture.com\/de\/wp-json\/wp\/v2\/comments?post=10135"}],"version-history":[{"count":5,"href":"https:\/\/life-stylefurniture.com\/de\/wp-json\/wp\/v2\/pages\/10135\/revisions"}],"predecessor-version":[{"id":12505,"href":"https:\/\/life-stylefurniture.com\/de\/wp-json\/wp\/v2\/pages\/10135\/revisions\/12505"}],"up":[{"embeddable":true,"href":"https:\/\/life-stylefurniture.com\/de\/wp-json\/wp\/v2\/pages\/10126"}],"wp:attachment":[{"href":"https:\/\/life-stylefurniture.com\/de\/wp-json\/wp\/v2\/media?parent=10135"}],"curies":[{"name":"wp","href":"https:\/\/api.w.org\/{rel}","templated":true}]}}