{"id":10299,"date":"2023-04-07T16:19:51","date_gmt":"2023-04-07T14:19:51","guid":{"rendered":"https:\/\/www.design2chill.com\/wartung\/"},"modified":"2025-12-23T11:54:48","modified_gmt":"2025-12-23T10:54:48","slug":"pflege","status":"publish","type":"page","link":"https:\/\/life-stylefurniture.com\/de\/pflege\/","title":{"rendered":"Wartung"},"content":{"rendered":"<div class=\"fusion-fullwidth fullwidth-box fusion-builder-row-1 fusion-flex-container has-pattern-background has-mask-background hundred-percent-fullwidth non-hundred-percent-height-scrolling\" style=\"--awb-background-position:left top;--awb-border-sizes-top:0px;--awb-border-sizes-bottom:0px;--awb-border-sizes-left:0px;--awb-border-sizes-right:0px;--awb-border-radius-top-left:0px;--awb-border-radius-top-right:0px;--awb-border-radius-bottom-right:0px;--awb-border-radius-bottom-left:0px;--awb-padding-top:0px;--awb-padding-right:10%;--awb-padding-bottom:0px;--awb-padding-left:10%;--awb-margin-top:6%;--awb-flex-wrap:wrap;\" ><div class=\"fusion-builder-row fusion-row fusion-flex-align-items-flex-start fusion-flex-content-wrap\" style=\"width:104% !important;max-width:104% !important;margin-left: calc(-4% \/ 2 );margin-right: calc(-4% \/ 2 );\"><div class=\"fusion-layout-column fusion_builder_column fusion-builder-column-0 fusion_builder_column_1_1 1_1 fusion-flex-column fusion-flex-align-self-flex-start fusion-column-no-min-height\" style=\"--awb-bg-size:cover;--awb-width-large:100%;--awb-margin-top-large:0px;--awb-spacing-right-large:1.92%;--awb-margin-bottom-large:0px;--awb-spacing-left-large:1.92%;--awb-width-medium:100%;--awb-spacing-right-medium:1.92%;--awb-spacing-left-medium:1.92%;--awb-width-small:100%;--awb-spacing-right-small:1.92%;--awb-spacing-left-small:1.92%;\"><div class=\"fusion-column-wrapper fusion-flex-justify-content-flex-start fusion-content-layout-column\"><div class=\"fusion-title title fusion-title-1 fusion-sep-none fusion-title-text fusion-title-size-one\" style=\"--awb-margin-top-small:0px;--awb-margin-right-small:0px;--awb-margin-bottom-small:20px;--awb-margin-left-small:0px;\"><h1 class=\"fusion-title-heading title-heading-left fusion-responsive-typography-calculated\" style=\"margin:0;text-transform:capitalize;--fontSize:52;line-height:1;\">Wartung<\/h1><\/div><div class=\"fusion-title title fusion-title-2 fusion-sep-none fusion-title-text fusion-title-size-two\" style=\"--awb-margin-top-small:0px;--awb-margin-right-small:0px;--awb-margin-bottom-small:20px;--awb-margin-left-small:0px;--awb-font-size:32px;\"><h2 class=\"fusion-title-heading title-heading-left fusion-responsive-typography-calculated\" style=\"margin:0;text-transform:capitalize;font-size:1em;--fontSize:32;line-height:1;\">Pflegehinweise und Tipps zur Verwendung von Lifestyle-M\u00f6belprodukten<\/h2><\/div><div class=\"fusion-title title fusion-title-3 fusion-sep-none fusion-title-text fusion-title-size-two\" style=\"--awb-margin-top-small:0px;--awb-margin-right-small:0px;--awb-margin-bottom-small:20px;--awb-margin-left-small:0px;--awb-font-size:26px;\"><h2 class=\"fusion-title-heading title-heading-left fusion-responsive-typography-calculated\" style=\"margin:0;text-transform:capitalize;font-size:1em;--fontSize:26;line-height:1;\">Wartungshinweise<\/h2><\/div><div class=\"fusion-text fusion-text-1\"><p>F\u00fcr eine optimale Lebensdauer empfehlen wir Ihnen, Ihre M\u00f6bel regelm\u00e4\u00dfig zu reinigen. Reinigen Sie die M\u00f6bel gr\u00fcndlich und versiegeln Sie sie anschlie\u00dfend einmal j\u00e4hrlich mit dem speziellen Sunbrella-Spray, das Sie bei Ihrem H\u00e4ndler erhalten.<\/p>\n<\/div><div class=\"fusion-title title fusion-title-4 fusion-sep-none fusion-title-text fusion-title-size-two\" style=\"--awb-margin-top-small:0px;--awb-margin-right-small:0px;--awb-margin-bottom-small:20px;--awb-margin-left-small:0px;--awb-font-size:26px;\"><h2 class=\"fusion-title-heading title-heading-left fusion-responsive-typography-calculated\" style=\"margin:0;text-transform:capitalize;font-size:1em;--fontSize:26;line-height:1;\">Platzierung der Modelle<\/h2><\/div><div class=\"fusion-text fusion-text-2\"><p>Bei modularen M\u00f6beln ist es wichtig, die Module immer mindestens 1 cm voneinander entfernt aufzustellen. So kann Regenwasser gut ablaufen und es bilden sich keine R\u00fcckst\u00e4nde an den Seiten. Stellen Sie die M\u00f6bel au\u00dferdem nicht direkt an eine Wand, einen Zaun oder eine Trennwand \u2013 das f\u00f6rdert den Wasserablauf und beschleunigt das Trocknen. Drehen Sie die M\u00f6bel bei Regen niemals um, da sich sonst Wasser in den B\u00e4nken sammelt.<\/p>\n<\/div><div class=\"fusion-title title fusion-title-5 fusion-sep-none fusion-title-text fusion-title-size-two\" style=\"--awb-margin-top-small:0px;--awb-margin-right-small:0px;--awb-margin-bottom-small:20px;--awb-margin-left-small:0px;--awb-font-size:26px;\"><h2 class=\"fusion-title-heading title-heading-left fusion-responsive-typography-calculated\" style=\"margin:0;text-transform:capitalize;font-size:1em;--fontSize:26;line-height:1;\">Flecken entfernen<\/h2><\/div><div class=\"fusion-text fusion-text-3\"><p>Sollte ein Fleck entstehen, entfernen Sie ihn sofort, bevor er in den Stoff eindringt. Saugen oder tupfen Sie den Schmutz ab oder wischen Sie ihn mit einem sauberen, feuchten Tuch ab. Tupfen Sie feuchte Flecken zun\u00e4chst mit einem Papiertuch oder einem sauberen Tuch trocken, sp\u00fclen Sie sie anschlie\u00dfend mit klarem Wasser aus und trocknen Sie sie mit einem trockenen Tuch. Die meisten Flecken verschwinden mit warmem Wasser; bei hartn\u00e4ckigen Flecken k\u00f6nnen Sie den Sunbrella-Reiniger verwenden.<\/p>\n<p>Spr\u00fchen Sie den Reiniger auf den Fleck, lassen Sie ihn 30 Sekunden einwirken und entfernen Sie ihn anschlie\u00dfend mit warmem Wasser und einem weichen, sauberen Schwamm. Sp\u00fclen Sie immer gr\u00fcndlich mit Wasser nach, um alle Seifenreste zu entfernen. Hinweis: Sonnencreme und \u00d6le lassen sich nur schwer oder gar nicht entfernen. Legen Sie beim Auftragen von Sonnencreme am besten ein Handtuch auf die M\u00f6bel.<\/p>\n<\/div><div class=\"fusion-title title fusion-title-6 fusion-sep-none fusion-title-text fusion-title-size-two\" style=\"--awb-margin-top-small:0px;--awb-margin-right-small:0px;--awb-margin-bottom-small:20px;--awb-margin-left-small:0px;--awb-font-size:26px;\"><h2 class=\"fusion-title-heading title-heading-left fusion-responsive-typography-calculated\" style=\"margin:0;text-transform:capitalize;font-size:1em;--fontSize:26;line-height:1;\">Zus\u00e4tzlicher Schutz<\/h2><\/div><div class=\"fusion-text fusion-text-4\"><p>F\u00fcr eine l\u00e4ngere Lebensdauer empfehlen wir die Verwendung von Schutzh\u00fcllen. Entfernen Sie die H\u00fcllen regelm\u00e4\u00dfig, sofern es das Wetter zul\u00e4sst, und lassen Sie die M\u00f6bel etwa 30 Minuten lang ausl\u00fcften, auch im Winter, wenn sie nicht benutzt werden.<\/p>\n<\/div><div class=\"fusion-title title fusion-title-7 fusion-sep-none fusion-title-text fusion-title-size-two\" style=\"--awb-margin-top-small:0px;--awb-margin-right-small:0px;--awb-margin-bottom-small:20px;--awb-margin-left-small:0px;--awb-font-size:26px;\"><h2 class=\"fusion-title-heading title-heading-left fusion-responsive-typography-calculated\" style=\"margin:0;text-transform:capitalize;font-size:1em;--fontSize:26;line-height:1;\">Dekorative Kissen<\/h2><\/div><div class=\"fusion-text fusion-text-5\"><p>Unsere Dekokissen sind regenfest, wir empfehlen jedoch, sie bei schlechtem Wetter ins Haus zu holen.<\/p>\n<\/div><div class=\"fusion-title title fusion-title-8 fusion-sep-none fusion-title-text fusion-title-size-two\" style=\"--awb-margin-top-small:0px;--awb-margin-right-small:0px;--awb-margin-bottom-small:20px;--awb-margin-left-small:0px;--awb-font-size:26px;\"><h2 class=\"fusion-title-heading title-heading-left fusion-responsive-typography-calculated\" style=\"margin:0;text-transform:capitalize;font-size:1em;--fontSize:26;line-height:1;\">Edelstahl<\/h2><\/div><div class=\"fusion-text fusion-text-6\"><p>Wir empfehlen, Edelstahlteile vor dem Winter mit einem geeigneten Edelstahlreiniger\/Impr\u00e4gniermittel zu reinigen und zu impr\u00e4gnieren. So verhindern Sie, dass sich Schmutz in beweglichen Teilen ansammelt und sch\u00fctzen die Materialoberfl\u00e4che. Das passende Pflegeprodukt erhalten Sie bei Ihrem Life-style Furniture-H\u00e4ndler oder in unserer Vertriebsniederlassung in Druten.<\/p>\n<\/div><\/div><\/div><\/div><\/div>\n","protected":false},"excerpt":{"rendered":"","protected":false},"author":30,"featured_media":0,"parent":0,"menu_order":0,"comment_status":"closed","ping_status":"closed","template":"100-width.php","meta":{"_acf_changed":false,"_vp_format_video_url":"","_vp_image_focal_point":[],"footnotes":""},"class_list":["post-10299","page","type-page","status-publish","hentry"],"acf":[],"_links":{"self":[{"href":"https:\/\/life-stylefurniture.com\/de\/wp-json\/wp\/v2\/pages\/10299","targetHints":{"allow":["GET"]}}],"collection":[{"href":"https:\/\/life-stylefurniture.com\/de\/wp-json\/wp\/v2\/pages"}],"about":[{"href":"https:\/\/life-stylefurniture.com\/de\/wp-json\/wp\/v2\/types\/page"}],"author":[{"embeddable":true,"href":"https:\/\/life-stylefurniture.com\/de\/wp-json\/wp\/v2\/users\/30"}],"replies":[{"embeddable":true,"href":"https:\/\/life-stylefurniture.com\/de\/wp-json\/wp\/v2\/comments?post=10299"}],"version-history":[{"count":7,"href":"https:\/\/life-stylefurniture.com\/de\/wp-json\/wp\/v2\/pages\/10299\/revisions"}],"predecessor-version":[{"id":12525,"href":"https:\/\/life-stylefurniture.com\/de\/wp-json\/wp\/v2\/pages\/10299\/revisions\/12525"}],"wp:attachment":[{"href":"https:\/\/life-stylefurniture.com\/de\/wp-json\/wp\/v2\/media?parent=10299"}],"curies":[{"name":"wp","href":"https:\/\/api.w.org\/{rel}","templated":true}]}}