{"id":10304,"date":"2023-04-07T16:06:20","date_gmt":"2023-04-07T14:06:20","guid":{"rendered":"https:\/\/www.design2chill.com\/ueber-uns\/"},"modified":"2025-12-23T12:02:02","modified_gmt":"2025-12-23T11:02:02","slug":"uber-uns","status":"publish","type":"page","link":"https:\/\/life-stylefurniture.com\/de\/uber-uns\/","title":{"rendered":"\u00dcber uns"},"content":{"rendered":"<div class=\"fusion-fullwidth fullwidth-box fusion-builder-row-1 fusion-flex-container has-pattern-background has-mask-background fusion-parallax-none nonhundred-percent-fullwidth non-hundred-percent-height-scrolling lazyload\" style=\"--awb-border-sizes-top:0px;--awb-border-sizes-bottom:0px;--awb-border-sizes-left:0px;--awb-border-sizes-right:0px;--awb-border-radius-top-left:0px;--awb-border-radius-top-right:0px;--awb-border-radius-bottom-right:0px;--awb-border-radius-bottom-left:0px;--awb-padding-top:0px;--awb-padding-bottom:0px;--awb-margin-top:6%;--awb-background-size:cover;--awb-flex-wrap:wrap;\" data-bg=\"https:\/\/life-stylefurniture.com\/wp-content\/uploads\/2025\/10\/over_ons.jpg\" ><div class=\"fusion-builder-row fusion-row fusion-flex-align-items-center fusion-flex-content-wrap\" style=\"max-width:calc( 1170px + 0px );margin-left: calc(-0px \/ 2 );margin-right: calc(-0px \/ 2 );\"><div class=\"fusion-layout-column fusion_builder_column fusion-builder-column-0 fusion_builder_column_3_5 3_5 fusion-flex-column fusion-flex-align-self-center fusion-column-no-min-height\" style=\"--awb-padding-top:10%;--awb-padding-right:5%;--awb-padding-bottom:10%;--awb-padding-left:6%;--awb-bg-color:var(--awb-color1);--awb-bg-color-hover:var(--awb-color1);--awb-bg-size:cover;--awb-width-large:60%;--awb-margin-top-large:0px;--awb-spacing-right-large:0px;--awb-margin-bottom-large:0px;--awb-spacing-left-large:0px;--awb-width-medium:100%;--awb-order-medium:0;--awb-spacing-right-medium:0px;--awb-spacing-left-medium:0px;--awb-width-small:100%;--awb-order-small:0;--awb-spacing-right-small:0px;--awb-spacing-left-small:0px;\" data-scroll-devices=\"small-visibility,medium-visibility,large-visibility\"><div class=\"fusion-column-wrapper fusion-column-has-shadow fusion-flex-justify-content-flex-start fusion-content-layout-column\"><div class=\"fusion-title title fusion-title-1 fusion-sep-none fusion-title-text fusion-title-size-one\" style=\"--awb-margin-top-small:0px;--awb-margin-right-small:0px;--awb-margin-bottom-small:20px;--awb-margin-left-small:0px;\"><h1 class=\"fusion-title-heading title-heading-left fusion-responsive-typography-calculated\" style=\"margin:0;text-transform:none;--fontSize:52;line-height:1;\">\u00dcber uns<\/h1><\/div><div class=\"fusion-text fusion-text-1\"><p>Life-style Furniture ist spezialisiert auf stilvolle und hochwertige M\u00f6bel f\u00fcr drinnen und drau\u00dfen. Die Marke ist bekannt f\u00fcr ihr modernes Design, ihr hervorragendes Preis-Leistungs-Verh\u00e4ltnis und ihre Liebe zum Detail. Ob Sie eine bequeme Lounge-Garnitur, einen trendigen Esstisch oder ein komfortables Lounge-Bett suchen \u2013 bei Life-style Furniture finden Sie alles, was Sie f\u00fcr die perfekte Einrichtung Ihrer Terrasse oder Ihres Gartens ben\u00f6tigen. Die Kollektion wurde sorgf\u00e4ltig nach den neuesten Einrichtungstrends zusammengestellt und zeichnet sich durch langlebige Materialien und zeitloses Design aus.<\/p>\n<p>Bei Life-style Furniture dreht sich alles um Ambiente, Komfort und Pers\u00f6nlichkeit \u2013 M\u00f6bel, die Ihren Wohnraum ganz individuell gestalten. Mit kompetenter Beratung und Leidenschaft f\u00fcr M\u00f6bel hilft Ihnen Life-style Furniture dabei, jeden Au\u00dfenbereich in einen Ort zu verwandeln, an dem Sie sich wie zu Hause f\u00fchlen.<\/p>\n<\/div><\/div><\/div><\/div><\/div>\n","protected":false},"excerpt":{"rendered":"","protected":false},"author":30,"featured_media":0,"parent":0,"menu_order":0,"comment_status":"closed","ping_status":"closed","template":"100-width.php","meta":{"_acf_changed":false,"_vp_format_video_url":"","_vp_image_focal_point":[],"footnotes":""},"class_list":["post-10304","page","type-page","status-publish","hentry"],"acf":[],"_links":{"self":[{"href":"https:\/\/life-stylefurniture.com\/de\/wp-json\/wp\/v2\/pages\/10304","targetHints":{"allow":["GET"]}}],"collection":[{"href":"https:\/\/life-stylefurniture.com\/de\/wp-json\/wp\/v2\/pages"}],"about":[{"href":"https:\/\/life-stylefurniture.com\/de\/wp-json\/wp\/v2\/types\/page"}],"author":[{"embeddable":true,"href":"https:\/\/life-stylefurniture.com\/de\/wp-json\/wp\/v2\/users\/30"}],"replies":[{"embeddable":true,"href":"https:\/\/life-stylefurniture.com\/de\/wp-json\/wp\/v2\/comments?post=10304"}],"version-history":[{"count":4,"href":"https:\/\/life-stylefurniture.com\/de\/wp-json\/wp\/v2\/pages\/10304\/revisions"}],"predecessor-version":[{"id":12531,"href":"https:\/\/life-stylefurniture.com\/de\/wp-json\/wp\/v2\/pages\/10304\/revisions\/12531"}],"wp:attachment":[{"href":"https:\/\/life-stylefurniture.com\/de\/wp-json\/wp\/v2\/media?parent=10304"}],"curies":[{"name":"wp","href":"https:\/\/api.w.org\/{rel}","templated":true}]}}