{"id":10315,"date":"2023-04-07T14:42:57","date_gmt":"2023-04-07T12:42:57","guid":{"rendered":"https:\/\/www.design2chill.com\/polster\/"},"modified":"2025-12-23T12:28:48","modified_gmt":"2025-12-23T11:28:48","slug":"polster","status":"publish","type":"page","link":"https:\/\/life-stylefurniture.com\/de\/polster\/","title":{"rendered":"Polster"},"content":{"rendered":"<div class=\"fusion-fullwidth fullwidth-box fusion-builder-row-1 fusion-flex-container has-pattern-background has-mask-background fusion-parallax-none nonhundred-percent-fullwidth non-hundred-percent-height-scrolling lazyload\" style=\"--awb-background-position:right top;--awb-border-sizes-top:0px;--awb-border-sizes-bottom:0px;--awb-border-sizes-left:0px;--awb-border-sizes-right:0px;--awb-border-radius-top-left:0px;--awb-border-radius-top-right:0px;--awb-border-radius-bottom-right:0px;--awb-border-radius-bottom-left:0px;--awb-padding-top:0px;--awb-padding-bottom:0px;--awb-margin-top:6%;--awb-background-size:cover;--awb-flex-wrap:wrap;\" data-bg=\"https:\/\/life-stylefurniture.com\/wp-content\/uploads\/2025\/02\/header_stoffering_v2.jpg\" ><div class=\"fusion-builder-row fusion-row fusion-flex-align-items-center fusion-flex-content-wrap\" style=\"max-width:calc( 1170px + 0px );margin-left: calc(-0px \/ 2 );margin-right: calc(-0px \/ 2 );\"><div class=\"fusion-layout-column fusion_builder_column fusion-builder-column-0 fusion_builder_column_4_5 4_5 fusion-flex-column fusion-flex-align-self-center fusion-column-no-min-height\" style=\"--awb-padding-top:2%;--awb-padding-right:5%;--awb-padding-bottom:2%;--awb-padding-left:6%;--awb-bg-color:var(--awb-color1);--awb-bg-color-hover:var(--awb-color1);--awb-bg-size:cover;--awb-width-large:80%;--awb-margin-top-large:0px;--awb-spacing-right-large:0px;--awb-margin-bottom-large:0px;--awb-spacing-left-large:0px;--awb-width-medium:100%;--awb-order-medium:0;--awb-spacing-right-medium:0px;--awb-spacing-left-medium:0px;--awb-width-small:100%;--awb-order-small:0;--awb-spacing-right-small:0px;--awb-spacing-left-small:0px;\" data-scroll-devices=\"small-visibility,medium-visibility,large-visibility\"><div class=\"fusion-column-wrapper fusion-column-has-shadow fusion-flex-justify-content-flex-start fusion-content-layout-column\"><div class=\"fusion-title title fusion-title-1 fusion-sep-none fusion-title-text fusion-title-size-one\" style=\"--awb-margin-top-small:0px;--awb-margin-right-small:0px;--awb-margin-bottom-small:20px;--awb-margin-left-small:0px;\"><h1 class=\"fusion-title-heading title-heading-left fusion-responsive-typography-calculated\" style=\"margin:0;text-transform:none;--fontSize:52;line-height:1;\">Polster<\/h1><\/div><div class=\"fusion-text fusion-text-1\"><p>Die Polsterstoffe von Life-style Furniture stehen f\u00fcr h\u00f6chste Qualit\u00e4t, Langlebigkeit und Komfort. Alle Gartenm\u00f6bel sind mit Sunbrella\u00ae-Gewebe bezogen, einem Premium-Material, das speziell f\u00fcr den intensiven Einsatz im Freien entwickelt wurde. Dieses Gewebe ist schimmelresistent, chlor- und salzwasserbest\u00e4ndig und bietet den h\u00f6chsten UV-Schutz seiner Klasse. So bleiben die Farben jahrelang leuchtend \u2013 selbst bei starker Sonneneinstrahlung oder hoher Luftfeuchtigkeit.<\/p>\n<p>Mit nicht weniger als 94 Farben bietet Life-style Furniture eine beispiellose Auswahl, um Ihre M\u00f6bel ganz individuell zu gestalten. Ob Sie sich f\u00fcr nat\u00fcrliche T\u00f6ne, elegante Graunuancen oder kr\u00e4ftige Akzente entscheiden \u2013 es gibt immer die passende Farbe f\u00fcr Ihren Gartenstil.<\/p>\n<p>Dar\u00fcber hinaus ist Sunbrella\u00ae-Gewebe extrem pflegeleicht. Flecken und Schmutz lassen sich einfach mit Bleichmittel oder sogar einem Hochdruckreiniger entfernen, ohne dass Farbe, Textur oder Qualit\u00e4t des Gewebes beeintr\u00e4chtigt werden. So sehen Ihre Gartenm\u00f6bel immer frisch und stilvoll aus.<\/p>\n<p>Mit den hochwertigen Polsterstoffen von Life-style Furniture genie\u00dfen Sie jahrelangen Sitzkomfort, Farbechtheit und m\u00fchelose Pflege \u2013 perfekt f\u00fcr ein stilvolles und pflegeleichtes Outdoor-Erlebnis.<\/p>\n<\/div><div class=\"fusion-builder-row fusion-builder-row-inner fusion-row fusion-flex-align-items-center fusion-flex-content-wrap\" style=\"--awb-flex-grow:0;--awb-flex-grow-medium:0;--awb-flex-grow-small:0;--awb-flex-shrink:0;--awb-flex-shrink-medium:0;--awb-flex-shrink-small:0;width:calc( 100% + 0px ) !important;max-width:calc( 100% + 0px ) !important;margin-left: calc(-0px \/ 2 );margin-right: calc(-0px \/ 2 );\"><div class=\"fusion-layout-column fusion_builder_column_inner fusion-builder-nested-column-0 fusion_builder_column_inner_1_2 1_2 fusion-flex-column\" style=\"--awb-bg-size:cover;--awb-width-large:50%;--awb-margin-top-large:0px;--awb-spacing-right-large:0px;--awb-margin-bottom-large:20px;--awb-spacing-left-large:0px;--awb-width-medium:100%;--awb-order-medium:0;--awb-spacing-right-medium:0px;--awb-spacing-left-medium:0px;--awb-width-small:100%;--awb-order-small:0;--awb-spacing-right-small:0px;--awb-spacing-left-small:0px;\"><div class=\"fusion-column-wrapper fusion-column-has-shadow fusion-flex-justify-content-flex-start fusion-content-layout-column\"><div style=\"text-align:center;\"><a class=\"fusion-button button-flat fusion-button-default-size button-default fusion-button-default button-1 fusion-button-default-span fusion-button-default-type\" target=\"_blank\" rel=\"noopener noreferrer\" href=\"https:\/\/vyvafabrics.nl\/collectie\/sunbrella-furniture\/natte\"><span class=\"fusion-button-text awb-button__text awb-button__text--default\">Entdecken Sie unsere Kollektion an NETZSTOFFEN!<\/span><\/a><\/div><\/div><\/div><div class=\"fusion-layout-column fusion_builder_column_inner fusion-builder-nested-column-1 fusion_builder_column_inner_1_2 1_2 fusion-flex-column\" style=\"--awb-bg-size:cover;--awb-width-large:50%;--awb-margin-top-large:0px;--awb-spacing-right-large:0px;--awb-margin-bottom-large:20px;--awb-spacing-left-large:0px;--awb-width-medium:100%;--awb-order-medium:0;--awb-spacing-right-medium:0px;--awb-spacing-left-medium:0px;--awb-width-small:100%;--awb-order-small:0;--awb-spacing-right-small:0px;--awb-spacing-left-small:0px;\"><div class=\"fusion-column-wrapper fusion-column-has-shadow fusion-flex-justify-content-flex-start fusion-content-layout-column\"><div style=\"text-align:center;\"><a class=\"fusion-button button-flat fusion-button-default-size button-default fusion-button-default button-2 fusion-button-default-span fusion-button-default-type\" target=\"_blank\" rel=\"noopener noreferrer\" href=\"https:\/\/vyvafabrics.nl\/collectie\/sunbrella-furniture\/solids\"><span class=\"fusion-button-text awb-button__text awb-button__text--default\">Entdecken Sie unsere Kollektion an Unistoffen!<\/span><\/a><\/div><\/div><\/div><\/div><\/div><\/div><\/div><\/div>\n","protected":false},"excerpt":{"rendered":"","protected":false},"author":30,"featured_media":0,"parent":0,"menu_order":0,"comment_status":"closed","ping_status":"closed","template":"100-width.php","meta":{"_acf_changed":false,"_vp_format_video_url":"","_vp_image_focal_point":[],"footnotes":""},"class_list":["post-10315","page","type-page","status-publish","hentry"],"acf":[],"_links":{"self":[{"href":"https:\/\/life-stylefurniture.com\/de\/wp-json\/wp\/v2\/pages\/10315","targetHints":{"allow":["GET"]}}],"collection":[{"href":"https:\/\/life-stylefurniture.com\/de\/wp-json\/wp\/v2\/pages"}],"about":[{"href":"https:\/\/life-stylefurniture.com\/de\/wp-json\/wp\/v2\/types\/page"}],"author":[{"embeddable":true,"href":"https:\/\/life-stylefurniture.com\/de\/wp-json\/wp\/v2\/users\/30"}],"replies":[{"embeddable":true,"href":"https:\/\/life-stylefurniture.com\/de\/wp-json\/wp\/v2\/comments?post=10315"}],"version-history":[{"count":5,"href":"https:\/\/life-stylefurniture.com\/de\/wp-json\/wp\/v2\/pages\/10315\/revisions"}],"predecessor-version":[{"id":12570,"href":"https:\/\/life-stylefurniture.com\/de\/wp-json\/wp\/v2\/pages\/10315\/revisions\/12570"}],"wp:attachment":[{"href":"https:\/\/life-stylefurniture.com\/de\/wp-json\/wp\/v2\/media?parent=10315"}],"curies":[{"name":"wp","href":"https:\/\/api.w.org\/{rel}","templated":true}]}}